{"id":10481,"date":"2026-03-21T09:41:05","date_gmt":"2026-03-21T08:41:05","guid":{"rendered":"https:\/\/smart-arbeitsrecht.de\/?page_id=10481"},"modified":"2026-05-04T13:54:06","modified_gmt":"2026-05-04T11:54:06","slug":"hamza-guelbas","status":"publish","type":"page","link":"https:\/\/smart-arbeitsrecht.de\/en\/hamza-guelbas\/","title":{"rendered":"Hamza G\u00fclbas"},"content":{"rendered":"<div class=\"wp-block-columns is-layout-flex wp-container-core-columns-is-layout-9d6595d7 wp-block-columns-is-layout-flex\">\n<div class=\"wp-block-column is-layout-flow wp-block-column-is-layout-flow\" style=\"flex-basis:30%\">\n<figure class=\"wp-block-image size-large\"><picture><source srcset=\"https:\/\/smart-arbeitsrecht.de\/wp-content\/webp-express\/webp-images\/uploads\/2026\/03\/Hamza_Guelbas_stehend-e1774077021523-1024x955.jpg.webp 1024w, https:\/\/smart-arbeitsrecht.de\/wp-content\/webp-express\/webp-images\/uploads\/2026\/03\/Hamza_Guelbas_stehend-e1774077021523-300x280.jpg.webp 300w, https:\/\/smart-arbeitsrecht.de\/wp-content\/webp-express\/webp-images\/uploads\/2026\/03\/Hamza_Guelbas_stehend-e1774077021523-768x716.jpg.webp 768w, https:\/\/smart-arbeitsrecht.de\/wp-content\/webp-express\/webp-images\/uploads\/2026\/03\/Hamza_Guelbas_stehend-e1774077021523-1536x1433.jpg.webp 1536w, https:\/\/smart-arbeitsrecht.de\/wp-content\/webp-express\/webp-images\/uploads\/2026\/03\/Hamza_Guelbas_stehend-e1774077021523-2048x1910.jpg.webp 2048w, https:\/\/smart-arbeitsrecht.de\/wp-content\/webp-express\/webp-images\/uploads\/2026\/03\/Hamza_Guelbas_stehend-e1774077021523-13x12.jpg.webp 13w\" sizes=\"(max-width: 1024px) 100vw, 1024px\" type=\"image\/webp\"><img loading=\"lazy\" decoding=\"async\" width=\"1024\" height=\"955\" src=\"https:\/\/smart-arbeitsrecht.de\/wp-content\/uploads\/2026\/03\/Hamza_Guelbas_stehend-e1774077021523-1024x955.jpg\" alt=\"\" class=\"wp-image-10529 webpexpress-processed\" srcset=\"https:\/\/smart-arbeitsrecht.de\/wp-content\/uploads\/2026\/03\/Hamza_Guelbas_stehend-e1774077021523-1024x955.jpg 1024w, https:\/\/smart-arbeitsrecht.de\/wp-content\/uploads\/2026\/03\/Hamza_Guelbas_stehend-e1774077021523-300x280.jpg 300w, https:\/\/smart-arbeitsrecht.de\/wp-content\/uploads\/2026\/03\/Hamza_Guelbas_stehend-e1774077021523-768x716.jpg 768w, https:\/\/smart-arbeitsrecht.de\/wp-content\/uploads\/2026\/03\/Hamza_Guelbas_stehend-e1774077021523-1536x1433.jpg 1536w, https:\/\/smart-arbeitsrecht.de\/wp-content\/uploads\/2026\/03\/Hamza_Guelbas_stehend-e1774077021523-2048x1910.jpg 2048w, https:\/\/smart-arbeitsrecht.de\/wp-content\/uploads\/2026\/03\/Hamza_Guelbas_stehend-e1774077021523-13x12.jpg 13w\" sizes=\"auto, (max-width: 1024px) 100vw, 1024px\"><\/picture><\/figure>\n\n\n\n<h2 class=\"wp-block-heading\">Memberships<\/h2>\n\n\n\n<ul class=\"wp-block-list\">\n<li style=\"font-size:15px\">German Bar Association (DAV)<\/li>\n\n\n\n<li style=\"font-size:15px\">Hamburg Bar Association (HAV) eV<\/li>\n<\/ul>\n<\/div>\n\n\n\n<div class=\"wp-block-column is-layout-flow wp-block-column-is-layout-flow\" style=\"flex-basis:70%\">\n<p>Hamza G\u00fclbas is a lawyer and partner at Smart Employment Law. Since 2014, he has focused exclusively on employment law, advising on all key areas of individual and collective employment law. He represents employees, employers, and works councils in employment disputes and advises on legally and strategically complex issues.<\/p>\n\n\n\n<p>His work focuses on dismissal protection law, termination agreements and severance payments, as well as providing support in labor law disputes. He also advises works councils on works constitution law. Through his ongoing work for employees, employers, and works councils, Hamza G\u00fclbas has extensive experience in the legal and strategic assessment of labor law disputes.<\/p>\n\n\n\n<p>His extensive litigation experience is particularly influential. Hamza G\u00fclbas regularly appears before labor courts, typically appearing several times a week in labor law cases. This continuous court practice gives his advice and representation a unique understanding of the actual processes and requirements of labor court disputes.<\/p>\n\n\n\n<p>In addition to his legal work, Hamza G\u00fclbas works as a consultant for works councils, including for the Institute for Works Councils.<\/p>\n\n\n\n<p>His work is characterized by many years of experience in labor law, procedural practice and an understanding of the legal and factual requirements of labor law disputes.<\/p>\n\n\n\n<h2 class=\"wp-block-heading\">CV<\/h2>\n\n\n\n<figure class=\"wp-block-table\"><table><tbody><tr><td>Since 2024:<\/td><td>Smart Employment Law Firm \/ Works Council Law Firm<\/td><\/tr><tr><td>Since 2023:<\/td><td>Speaker for the Institute for Works Councils (ifb)<\/td><\/tr><tr><td>2014 &#8211; 2025:<\/td><td>P\u00f6ppel Rechtsanw\u00e4lte \u2013 Employment Law Firm<\/td><\/tr><tr><td>2013:<\/td><td>Completion of the 2nd State Examination<\/td><\/tr><tr><td>2012 &#8211; 2013:<\/td><td>Legal traineeship<\/td><\/tr><tr><td>2011:<\/td><td>Completion of the first state law examination<\/td><\/tr><tr><td>Until 2011:<\/td><td>Studied law at the University of Hamburg<\/td><\/tr><\/tbody><\/table><\/figure>\n<\/div>\n<\/div>","protected":false},"excerpt":{"rendered":"<p>Memberships Hamza G\u00fclbas is a lawyer and partner at Smart Employment Law. Since 2014, he has worked exclusively in employment law and advises\u2026<\/p>","protected":false},"author":1,"featured_media":0,"parent":0,"menu_order":0,"comment_status":"closed","ping_status":"closed","template":"","meta":{"footnotes":""},"class_list":["post-10481","page","type-page","status-publish","hentry"],"acf":[],"yoast_head":"<!-- This site is optimized with the Yoast SEO plugin v26.5 - https:\/\/yoast.com\/wordpress\/plugins\/seo\/ -->\n<title>Hamza G\u00fclbas | Smart-Arbeitsrecht<\/title>\n<meta name=\"robots\" content=\"index, follow, max-snippet:-1, max-image-preview:large, max-video-preview:-1\" \/>\n<link rel=\"canonical\" href=\"https:\/\/smart-arbeitsrecht.de\/en\/hamza-guelbas\/\" \/>\n<meta property=\"og:locale\" content=\"en_US\" \/>\n<meta property=\"og:type\" content=\"article\" \/>\n<meta property=\"og:title\" content=\"Hamza G\u00fclbas | Smart-Arbeitsrecht\" \/>\n<meta property=\"og:description\" content=\"Mitgliedschaften Hamza G\u00fclbas ist Rechtsanwalt und Partner von Smart Arbeitsrecht. Seit 2014 ist er ausschlie\u00dflich im Arbeitsrecht t\u00e4tig und ber\u00e4t...\" \/>\n<meta property=\"og:url\" content=\"https:\/\/smart-arbeitsrecht.de\/en\/hamza-guelbas\/\" \/>\n<meta property=\"og:site_name\" content=\"Smart-Arbeitsrecht\" \/>\n<meta property=\"article:modified_time\" content=\"2026-05-04T11:54:06+00:00\" \/>\n<meta property=\"og:image\" content=\"https:\/\/smart-arbeitsrecht.de\/wp-content\/uploads\/2026\/03\/Hamza_Guelbas_stehend-e1774077021523.jpg\" \/>\n\t<meta property=\"og:image:width\" content=\"2827\" \/>\n\t<meta property=\"og:image:height\" content=\"2637\" \/>\n\t<meta property=\"og:image:type\" content=\"image\/jpeg\" \/>\n<meta name=\"twitter:card\" content=\"summary_large_image\" \/>\n<meta name=\"twitter:label1\" content=\"Est. reading time\" \/>\n\t<meta name=\"twitter:data1\" content=\"2 minutes\" \/>\n<script type=\"application\/ld+json\" class=\"yoast-schema-graph\">{\"@context\":\"https:\/\/schema.org\",\"@graph\":[{\"@type\":[\"WebPage\",\"ProfilePage\"],\"@id\":\"https:\/\/smart-arbeitsrecht.de\/hamza-guelbas\/\",\"url\":\"https:\/\/smart-arbeitsrecht.de\/hamza-guelbas\/\",\"name\":\"Hamza G\u00fclbas | Smart-Arbeitsrecht\",\"isPartOf\":{\"@id\":\"https:\/\/smart-arbeitsrecht.de\/#website\"},\"primaryImageOfPage\":{\"@id\":\"https:\/\/smart-arbeitsrecht.de\/hamza-guelbas\/#primaryimage\"},\"image\":{\"@id\":\"https:\/\/smart-arbeitsrecht.de\/hamza-guelbas\/#primaryimage\"},\"thumbnailUrl\":\"https:\/\/smart-arbeitsrecht.de\/wp-content\/uploads\/2026\/03\/Hamza_Guelbas_stehend-e1774077021523-1024x955.jpg\",\"breadcrumb\":{\"@id\":\"https:\/\/smart-arbeitsrecht.de\/hamza-guelbas\/#breadcrumb\"},\"inLanguage\":\"en-US\",\"potentialAction\":[{\"@type\":\"ReadAction\",\"target\":[\"https:\/\/smart-arbeitsrecht.de\/hamza-guelbas\/\"]}]},{\"@type\":\"ImageObject\",\"inLanguage\":\"en-US\",\"@id\":\"https:\/\/smart-arbeitsrecht.de\/hamza-guelbas\/#primaryimage\",\"url\":\"https:\/\/smart-arbeitsrecht.de\/wp-content\/uploads\/2026\/03\/Hamza_Guelbas_stehend-e1774077021523-1024x955.jpg\",\"contentUrl\":\"https:\/\/smart-arbeitsrecht.de\/wp-content\/uploads\/2026\/03\/Hamza_Guelbas_stehend-e1774077021523-1024x955.jpg\"},{\"@type\":\"BreadcrumbList\",\"@id\":\"https:\/\/smart-arbeitsrecht.de\/hamza-guelbas\/#breadcrumb\",\"itemListElement\":[{\"@type\":\"ListItem\",\"position\":1,\"name\":\"Startseite\",\"item\":\"https:\/\/smart-arbeitsrecht.de\/\"},{\"@type\":\"ListItem\",\"position\":2,\"name\":\"Hamza G\u00fclbas\"}]},{\"@type\":\"WebSite\",\"@id\":\"https:\/\/smart-arbeitsrecht.de\/#website\",\"url\":\"https:\/\/smart-arbeitsrecht.de\/\",\"name\":\"Smart-Arbeitsrecht\",\"description\":\"Kanzlei f\u00fcr Arbeitsrecht\",\"potentialAction\":[{\"@type\":\"SearchAction\",\"target\":{\"@type\":\"EntryPoint\",\"urlTemplate\":\"https:\/\/smart-arbeitsrecht.de\/?s={search_term_string}\"},\"query-input\":{\"@type\":\"PropertyValueSpecification\",\"valueRequired\":true,\"valueName\":\"search_term_string\"}}],\"inLanguage\":\"en-US\"}]}<\/script>\n<!-- \/ Yoast SEO plugin. -->","yoast_head_json":{"title":"Hamza G\u00fclbas | Smart Employment Law","robots":{"index":"index","follow":"follow","max-snippet":"max-snippet:-1","max-image-preview":"max-image-preview:large","max-video-preview":"max-video-preview:-1"},"canonical":"https:\/\/smart-arbeitsrecht.de\/en\/hamza-guelbas\/","og_locale":"en_US","og_type":"article","og_title":"Hamza G\u00fclbas | Smart-Arbeitsrecht","og_description":"Mitgliedschaften Hamza G\u00fclbas ist Rechtsanwalt und Partner von Smart Arbeitsrecht. Seit 2014 ist er ausschlie\u00dflich im Arbeitsrecht t\u00e4tig und ber\u00e4t...","og_url":"https:\/\/smart-arbeitsrecht.de\/en\/hamza-guelbas\/","og_site_name":"Smart-Arbeitsrecht","article_modified_time":"2026-05-04T11:54:06+00:00","og_image":[{"width":2827,"height":2637,"url":"https:\/\/smart-arbeitsrecht.de\/wp-content\/uploads\/2026\/03\/Hamza_Guelbas_stehend-e1774077021523.jpg","type":"image\/jpeg"}],"twitter_card":"summary_large_image","twitter_misc":{"Est. reading time":"2 minutes"},"schema":{"@context":"https:\/\/schema.org","@graph":[{"@type":["WebPage","ProfilePage"],"@id":"https:\/\/smart-arbeitsrecht.de\/hamza-guelbas\/","url":"https:\/\/smart-arbeitsrecht.de\/hamza-guelbas\/","name":"Hamza G\u00fclbas | Smart Employment Law","isPartOf":{"@id":"https:\/\/smart-arbeitsrecht.de\/#website"},"primaryImageOfPage":{"@id":"https:\/\/smart-arbeitsrecht.de\/hamza-guelbas\/#primaryimage"},"image":{"@id":"https:\/\/smart-arbeitsrecht.de\/hamza-guelbas\/#primaryimage"},"thumbnailUrl":"https:\/\/smart-arbeitsrecht.de\/wp-content\/uploads\/2026\/03\/Hamza_Guelbas_stehend-e1774077021523-1024x955.jpg","breadcrumb":{"@id":"https:\/\/smart-arbeitsrecht.de\/hamza-guelbas\/#breadcrumb"},"inLanguage":"en-US","potentialAction":[{"@type":"ReadAction","target":["https:\/\/smart-arbeitsrecht.de\/hamza-guelbas\/"]}]},{"@type":"ImageObject","inLanguage":"en-US","@id":"https:\/\/smart-arbeitsrecht.de\/hamza-guelbas\/#primaryimage","url":"https:\/\/smart-arbeitsrecht.de\/wp-content\/uploads\/2026\/03\/Hamza_Guelbas_stehend-e1774077021523-1024x955.jpg","contentUrl":"https:\/\/smart-arbeitsrecht.de\/wp-content\/uploads\/2026\/03\/Hamza_Guelbas_stehend-e1774077021523-1024x955.jpg"},{"@type":"BreadcrumbList","@id":"https:\/\/smart-arbeitsrecht.de\/hamza-guelbas\/#breadcrumb","itemListElement":[{"@type":"ListItem","position":1,"name":"Startseite","item":"https:\/\/smart-arbeitsrecht.de\/"},{"@type":"ListItem","position":2,"name":"Hamza G\u00fclbas"}]},{"@type":"WebSite","@id":"https:\/\/smart-arbeitsrecht.de\/#website","url":"https:\/\/smart-arbeitsrecht.de\/","name":"Smart labor law","description":"Employment law firm","potentialAction":[{"@type":"SearchAction","target":{"@type":"EntryPoint","urlTemplate":"https:\/\/smart-arbeitsrecht.de\/?s={search_term_string}"},"query-input":{"@type":"PropertyValueSpecification","valueRequired":true,"valueName":"search_term_string"}}],"inLanguage":"en-US"}]}},"_links":{"self":[{"href":"https:\/\/smart-arbeitsrecht.de\/en\/wp-json\/wp\/v2\/pages\/10481","targetHints":{"allow":["GET"]}}],"collection":[{"href":"https:\/\/smart-arbeitsrecht.de\/en\/wp-json\/wp\/v2\/pages"}],"about":[{"href":"https:\/\/smart-arbeitsrecht.de\/en\/wp-json\/wp\/v2\/types\/page"}],"author":[{"embeddable":true,"href":"https:\/\/smart-arbeitsrecht.de\/en\/wp-json\/wp\/v2\/users\/1"}],"replies":[{"embeddable":true,"href":"https:\/\/smart-arbeitsrecht.de\/en\/wp-json\/wp\/v2\/comments?post=10481"}],"version-history":[{"count":11,"href":"https:\/\/smart-arbeitsrecht.de\/en\/wp-json\/wp\/v2\/pages\/10481\/revisions"}],"predecessor-version":[{"id":10548,"href":"https:\/\/smart-arbeitsrecht.de\/en\/wp-json\/wp\/v2\/pages\/10481\/revisions\/10548"}],"wp:attachment":[{"href":"https:\/\/smart-arbeitsrecht.de\/en\/wp-json\/wp\/v2\/media?parent=10481"}],"curies":[{"name":"wp","href":"https:\/\/api.w.org\/{rel}","templated":true}]}}