{"id":4146,"date":"2021-04-25T10:47:32","date_gmt":"2021-04-25T08:47:32","guid":{"rendered":"https:\/\/smart-arbeitsrecht.de\/?page_id=4146"},"modified":"2024-05-10T11:16:30","modified_gmt":"2024-05-10T09:16:30","slug":"kuendigungs-app","status":"publish","type":"page","link":"https:\/\/smart-arbeitsrecht.de\/en\/kuendigungs-app\/","title":{"rendered":"Cancellation app"},"content":{"rendered":"<div class=\"flex flex-col p-4\" style=\"min-height: 350px;\">\n    <div class=\"sa-app\" style=\"overflow:unset;\"><div id=\"app\"><\/div><\/div>\n    <div id=\"start-screen\">\n        <div class=\"progressbar\">\n          <strong class=\"progress-text\">2%<\/strong>\n          <div class=\"progress\"><\/div>\n        <\/div>\n        <h3 class=\"mt-5\">What is your current situation?<\/h3>\n        <p class=\"mb-6\" style=\"font-weight: 300\"><\/p>\n        <div class=\"load-app-btn-wrapper sm:flex sm:justify-center sm:items-center mb-12\">\n            <button class=\"vuetify-btn load-app-btn w-full sm:w-auto\" style=\"margin-right: 15px;\">I was fired<\/button>\n            <button class=\"vuetify-btn load-app-btn w-full sm:w-auto\">A termination is imminent<\/button>\n        <\/div>\n    <\/div>\n    <div class=\"flex flex-wrap space-x-10 justify-center lg:justify-between md:mt-auto mt-2\">\n        <div class=\"flex items-center space-x-2 lg:space-x-3\">\n            <img decoding=\"async\" class=\"w-16 h-16 rounded-full lg:w-20 lg:h-20\" src=\"\/wp-content\/uploads\/2023\/05\/Raphael_Lugowski_Thumbnail.jpeg\" alt=\"Raphael Lugowski\">\n            <div class=\"font-medium text-lg leading-6\">\n                <p class=\"font-bold m-0\">Raphael Lugowski<\/p>\n                <p class=\"text-sm m-0 text-gray-500\">Specialist lawyer for labor law<\/p>\n            <\/div>\n        <\/div>\n        <div>\n            <a href=\"\/en\/#bewertungen\" target=\"_blank\" style=\"text-decoration: none\" rel=\"noopener\">\n                <img decoding=\"async\" src=\"https:\/\/smart-arbeitsrecht.de\/wp-content\/uploads\/2021\/01\/google_stars.png\">\n                <p>100% satisfied clients.<\/p>\n            <\/a>\n        <\/div>\n        <div class=\"flex items-center text-green-400\">\n            <div>\n                <i class=\"fa-shield\" style=\"line-height:4rem;font-size:2.5rem;\"><\/i>\n            <\/div>\n            <p class=\"ml-4 mb-0\">Secure communication<\/p>\n        <\/div>\n    <\/div>\n<\/div>","protected":false},"excerpt":{"rendered":"<p>2% What is your current situation? I&#039;ve been fired. A termination is imminent. Raphael Lugowski, Specialist Attorney for Employment Law 100% satisfied\u2026<\/p>","protected":false},"author":1,"featured_media":0,"parent":0,"menu_order":0,"comment_status":"closed","ping_status":"closed","template":"","meta":{"footnotes":""},"class_list":["post-4146","page","type-page","status-publish","hentry"],"acf":[],"yoast_head":"<!-- This site is optimized with the Yoast SEO plugin v26.5 - https:\/\/yoast.com\/wordpress\/plugins\/seo\/ -->\n<title>K\u00fcndigungs-App: Einfach, schnell, effizient - Arbeitsrechtsfragen!<\/title>\n<meta name=\"description\" content=\"Die K\u00fcndigungs-App bietet schnelle L\u00f6sungen f\u00fcr arbeitsrechtliche Fragen. Entdecke die praktische Unterst\u00fctzung f\u00fcr dein Arbeitsverh\u00e4ltnis.\" \/>\n<meta name=\"robots\" content=\"index, follow, max-snippet:-1, max-image-preview:large, max-video-preview:-1\" \/>\n<link rel=\"canonical\" href=\"https:\/\/smart-arbeitsrecht.de\/en\/kuendigungs-app\/\" \/>\n<meta property=\"og:locale\" content=\"en_US\" \/>\n<meta property=\"og:type\" content=\"article\" \/>\n<meta property=\"og:title\" content=\"K\u00fcndigungs-App: Einfach, schnell, effizient - Arbeitsrechtsfragen!\" \/>\n<meta property=\"og:description\" content=\"Die K\u00fcndigungs-App bietet schnelle L\u00f6sungen f\u00fcr arbeitsrechtliche Fragen. Entdecke die praktische Unterst\u00fctzung f\u00fcr dein Arbeitsverh\u00e4ltnis.\" \/>\n<meta property=\"og:url\" content=\"https:\/\/smart-arbeitsrecht.de\/en\/kuendigungs-app\/\" \/>\n<meta property=\"og:site_name\" content=\"Smart-Arbeitsrecht\" \/>\n<meta property=\"article:modified_time\" content=\"2024-05-10T09:16:30+00:00\" \/>\n<meta property=\"og:image\" content=\"https:\/\/smart-arbeitsrecht.de\/wp-content\/uploads\/2021\/01\/google_stars.png\" \/>\n<meta name=\"twitter:card\" content=\"summary_large_image\" \/>\n<meta name=\"twitter:label1\" content=\"Est. reading time\" \/>\n\t<meta name=\"twitter:data1\" content=\"1 minute\" \/>\n<script type=\"application\/ld+json\" class=\"yoast-schema-graph\">{\"@context\":\"https:\/\/schema.org\",\"@graph\":[{\"@type\":\"WebPage\",\"@id\":\"https:\/\/smart-arbeitsrecht.de\/kuendigungs-app\/\",\"url\":\"https:\/\/smart-arbeitsrecht.de\/kuendigungs-app\/\",\"name\":\"K\u00fcndigungs-App: Einfach, schnell, effizient - Arbeitsrechtsfragen!\",\"isPartOf\":{\"@id\":\"https:\/\/smart-arbeitsrecht.de\/#website\"},\"primaryImageOfPage\":{\"@id\":\"https:\/\/smart-arbeitsrecht.de\/kuendigungs-app\/#primaryimage\"},\"image\":{\"@id\":\"https:\/\/smart-arbeitsrecht.de\/kuendigungs-app\/#primaryimage\"},\"thumbnailUrl\":\"https:\/\/smart-arbeitsrecht.de\/wp-content\/uploads\/2021\/01\/google_stars.png\",\"description\":\"Die K\u00fcndigungs-App bietet schnelle L\u00f6sungen f\u00fcr arbeitsrechtliche Fragen. Entdecke die praktische Unterst\u00fctzung f\u00fcr dein Arbeitsverh\u00e4ltnis.\",\"breadcrumb\":{\"@id\":\"https:\/\/smart-arbeitsrecht.de\/kuendigungs-app\/#breadcrumb\"},\"inLanguage\":\"en-US\",\"potentialAction\":[{\"@type\":\"ReadAction\",\"target\":[\"https:\/\/smart-arbeitsrecht.de\/kuendigungs-app\/\"]}]},{\"@type\":\"ImageObject\",\"inLanguage\":\"en-US\",\"@id\":\"https:\/\/smart-arbeitsrecht.de\/kuendigungs-app\/#primaryimage\",\"url\":\"https:\/\/smart-arbeitsrecht.de\/wp-content\/uploads\/2021\/01\/google_stars.png\",\"contentUrl\":\"https:\/\/smart-arbeitsrecht.de\/wp-content\/uploads\/2021\/01\/google_stars.png\"},{\"@type\":\"BreadcrumbList\",\"@id\":\"https:\/\/smart-arbeitsrecht.de\/kuendigungs-app\/#breadcrumb\",\"itemListElement\":[{\"@type\":\"ListItem\",\"position\":1,\"name\":\"Startseite\",\"item\":\"https:\/\/smart-arbeitsrecht.de\/\"},{\"@type\":\"ListItem\",\"position\":2,\"name\":\"K\u00fcndigungs-App\"}]},{\"@type\":\"WebSite\",\"@id\":\"https:\/\/smart-arbeitsrecht.de\/#website\",\"url\":\"https:\/\/smart-arbeitsrecht.de\/\",\"name\":\"Smart-Arbeitsrecht\",\"description\":\"Kanzlei f\u00fcr Arbeitsrecht\",\"potentialAction\":[{\"@type\":\"SearchAction\",\"target\":{\"@type\":\"EntryPoint\",\"urlTemplate\":\"https:\/\/smart-arbeitsrecht.de\/?s={search_term_string}\"},\"query-input\":{\"@type\":\"PropertyValueSpecification\",\"valueRequired\":true,\"valueName\":\"search_term_string\"}}],\"inLanguage\":\"en-US\"}]}<\/script>\n<!-- \/ Yoast SEO plugin. -->","yoast_head_json":{"title":"Termination app: Simple, fast, efficient - employment law questions!","description":"The termination app offers quick solutions to employment law questions. Discover practical support for your employment relationship.","robots":{"index":"index","follow":"follow","max-snippet":"max-snippet:-1","max-image-preview":"max-image-preview:large","max-video-preview":"max-video-preview:-1"},"canonical":"https:\/\/smart-arbeitsrecht.de\/en\/kuendigungs-app\/","og_locale":"en_US","og_type":"article","og_title":"K\u00fcndigungs-App: Einfach, schnell, effizient - Arbeitsrechtsfragen!","og_description":"Die K\u00fcndigungs-App bietet schnelle L\u00f6sungen f\u00fcr arbeitsrechtliche Fragen. Entdecke die praktische Unterst\u00fctzung f\u00fcr dein Arbeitsverh\u00e4ltnis.","og_url":"https:\/\/smart-arbeitsrecht.de\/en\/kuendigungs-app\/","og_site_name":"Smart-Arbeitsrecht","article_modified_time":"2024-05-10T09:16:30+00:00","og_image":[{"url":"https:\/\/smart-arbeitsrecht.de\/wp-content\/uploads\/2021\/01\/google_stars.png","type":"","width":"","height":""}],"twitter_card":"summary_large_image","twitter_misc":{"Est. reading time":"1 minute"},"schema":{"@context":"https:\/\/schema.org","@graph":[{"@type":"WebPage","@id":"https:\/\/smart-arbeitsrecht.de\/kuendigungs-app\/","url":"https:\/\/smart-arbeitsrecht.de\/kuendigungs-app\/","name":"Termination app: Simple, fast, efficient - employment law questions!","isPartOf":{"@id":"https:\/\/smart-arbeitsrecht.de\/#website"},"primaryImageOfPage":{"@id":"https:\/\/smart-arbeitsrecht.de\/kuendigungs-app\/#primaryimage"},"image":{"@id":"https:\/\/smart-arbeitsrecht.de\/kuendigungs-app\/#primaryimage"},"thumbnailUrl":"https:\/\/smart-arbeitsrecht.de\/wp-content\/uploads\/2021\/01\/google_stars.png","description":"The termination app offers quick solutions to employment law questions. Discover practical support for your employment relationship.","breadcrumb":{"@id":"https:\/\/smart-arbeitsrecht.de\/kuendigungs-app\/#breadcrumb"},"inLanguage":"en-US","potentialAction":[{"@type":"ReadAction","target":["https:\/\/smart-arbeitsrecht.de\/kuendigungs-app\/"]}]},{"@type":"ImageObject","inLanguage":"en-US","@id":"https:\/\/smart-arbeitsrecht.de\/kuendigungs-app\/#primaryimage","url":"https:\/\/smart-arbeitsrecht.de\/wp-content\/uploads\/2021\/01\/google_stars.png","contentUrl":"https:\/\/smart-arbeitsrecht.de\/wp-content\/uploads\/2021\/01\/google_stars.png"},{"@type":"BreadcrumbList","@id":"https:\/\/smart-arbeitsrecht.de\/kuendigungs-app\/#breadcrumb","itemListElement":[{"@type":"ListItem","position":1,"name":"Startseite","item":"https:\/\/smart-arbeitsrecht.de\/"},{"@type":"ListItem","position":2,"name":"K\u00fcndigungs-App"}]},{"@type":"WebSite","@id":"https:\/\/smart-arbeitsrecht.de\/#website","url":"https:\/\/smart-arbeitsrecht.de\/","name":"Smart labor law","description":"Employment law firm","potentialAction":[{"@type":"SearchAction","target":{"@type":"EntryPoint","urlTemplate":"https:\/\/smart-arbeitsrecht.de\/?s={search_term_string}"},"query-input":{"@type":"PropertyValueSpecification","valueRequired":true,"valueName":"search_term_string"}}],"inLanguage":"en-US"}]}},"_links":{"self":[{"href":"https:\/\/smart-arbeitsrecht.de\/en\/wp-json\/wp\/v2\/pages\/4146","targetHints":{"allow":["GET"]}}],"collection":[{"href":"https:\/\/smart-arbeitsrecht.de\/en\/wp-json\/wp\/v2\/pages"}],"about":[{"href":"https:\/\/smart-arbeitsrecht.de\/en\/wp-json\/wp\/v2\/types\/page"}],"author":[{"embeddable":true,"href":"https:\/\/smart-arbeitsrecht.de\/en\/wp-json\/wp\/v2\/users\/1"}],"replies":[{"embeddable":true,"href":"https:\/\/smart-arbeitsrecht.de\/en\/wp-json\/wp\/v2\/comments?post=4146"}],"version-history":[{"count":1,"href":"https:\/\/smart-arbeitsrecht.de\/en\/wp-json\/wp\/v2\/pages\/4146\/revisions"}],"predecessor-version":[{"id":8241,"href":"https:\/\/smart-arbeitsrecht.de\/en\/wp-json\/wp\/v2\/pages\/4146\/revisions\/8241"}],"wp:attachment":[{"href":"https:\/\/smart-arbeitsrecht.de\/en\/wp-json\/wp\/v2\/media?parent=4146"}],"curies":[{"name":"wp","href":"https:\/\/api.w.org\/{rel}","templated":true}]}}