{"id":10481,"date":"2026-03-21T09:41:05","date_gmt":"2026-03-21T08:41:05","guid":{"rendered":"https:\/\/smart-arbeitsrecht.de\/?page_id=10481"},"modified":"2026-05-04T13:54:06","modified_gmt":"2026-05-04T11:54:06","slug":"hamza-guelbas","status":"publish","type":"page","link":"https:\/\/smart-arbeitsrecht.de\/tr\/hamza-guelbas\/","title":{"rendered":"Hamza G\u00fclba\u015f"},"content":{"rendered":"<div class=\"wp-block-columns is-layout-flex wp-container-core-columns-is-layout-9d6595d7 wp-block-columns-is-layout-flex\">\n<div class=\"wp-block-column is-layout-flow wp-block-column-is-layout-flow\" style=\"flex-basis:30%\">\n<figure class=\"wp-block-image size-large\"><picture><source srcset=\"https:\/\/smart-arbeitsrecht.de\/wp-content\/webp-express\/webp-images\/uploads\/2026\/03\/Hamza_Guelbas_stehend-e1774077021523-1024x955.jpg.webp 1024w, https:\/\/smart-arbeitsrecht.de\/wp-content\/webp-express\/webp-images\/uploads\/2026\/03\/Hamza_Guelbas_stehend-e1774077021523-300x280.jpg.webp 300w, https:\/\/smart-arbeitsrecht.de\/wp-content\/webp-express\/webp-images\/uploads\/2026\/03\/Hamza_Guelbas_stehend-e1774077021523-768x716.jpg.webp 768w, https:\/\/smart-arbeitsrecht.de\/wp-content\/webp-express\/webp-images\/uploads\/2026\/03\/Hamza_Guelbas_stehend-e1774077021523-1536x1433.jpg.webp 1536w, https:\/\/smart-arbeitsrecht.de\/wp-content\/webp-express\/webp-images\/uploads\/2026\/03\/Hamza_Guelbas_stehend-e1774077021523-2048x1910.jpg.webp 2048w, https:\/\/smart-arbeitsrecht.de\/wp-content\/webp-express\/webp-images\/uploads\/2026\/03\/Hamza_Guelbas_stehend-e1774077021523-13x12.jpg.webp 13w\" sizes=\"(max-width: 1024px) 100vw, 1024px\" type=\"image\/webp\"><img loading=\"lazy\" decoding=\"async\" width=\"1024\" height=\"955\" src=\"https:\/\/smart-arbeitsrecht.de\/wp-content\/uploads\/2026\/03\/Hamza_Guelbas_stehend-e1774077021523-1024x955.jpg\" alt=\"\" class=\"wp-image-10529 webpexpress-processed\" srcset=\"https:\/\/smart-arbeitsrecht.de\/wp-content\/uploads\/2026\/03\/Hamza_Guelbas_stehend-e1774077021523-1024x955.jpg 1024w, https:\/\/smart-arbeitsrecht.de\/wp-content\/uploads\/2026\/03\/Hamza_Guelbas_stehend-e1774077021523-300x280.jpg 300w, https:\/\/smart-arbeitsrecht.de\/wp-content\/uploads\/2026\/03\/Hamza_Guelbas_stehend-e1774077021523-768x716.jpg 768w, https:\/\/smart-arbeitsrecht.de\/wp-content\/uploads\/2026\/03\/Hamza_Guelbas_stehend-e1774077021523-1536x1433.jpg 1536w, https:\/\/smart-arbeitsrecht.de\/wp-content\/uploads\/2026\/03\/Hamza_Guelbas_stehend-e1774077021523-2048x1910.jpg 2048w, https:\/\/smart-arbeitsrecht.de\/wp-content\/uploads\/2026\/03\/Hamza_Guelbas_stehend-e1774077021523-13x12.jpg 13w\" sizes=\"auto, (max-width: 1024px) 100vw, 1024px\"><\/picture><\/figure>\n\n\n\n<h2 class=\"wp-block-heading\">\u00dcyelikler<\/h2>\n\n\n\n<ul class=\"wp-block-list\">\n<li style=\"font-size:15px\">Alman Barolar Birli\u011fi (DAV)<\/li>\n\n\n\n<li style=\"font-size:15px\">Hamburg Barosu (HAV) eV<\/li>\n<\/ul>\n<\/div>\n\n\n\n<div class=\"wp-block-column is-layout-flow wp-block-column-is-layout-flow\" style=\"flex-basis:70%\">\n<p>Hamza G\u00fclba\u015f, Ak\u0131ll\u0131 \u0130\u015f Hukuku B\u00fcrosu&#039;nda avukat ve ortakt\u0131r. 2014 y\u0131l\u0131ndan beri yaln\u0131zca i\u015f hukuku alan\u0131na odaklanarak, bireysel ve toplu i\u015f hukukunun t\u00fcm \u00f6nemli alanlar\u0131nda dan\u0131\u015fmanl\u0131k yapmaktad\u0131r. \u0130\u015f uyu\u015fmazl\u0131klar\u0131nda i\u015f\u00e7ileri, i\u015fverenleri ve i\u015f\u00e7i temsilciliklerini temsil etmekte ve hukuki ve stratejik a\u00e7\u0131dan karma\u015f\u0131k konularda dan\u0131\u015fmanl\u0131k hizmeti vermektedir.<\/p>\n\n\n\n<p>\u00c7al\u0131\u015fmalar\u0131, i\u015ften \u00e7\u0131karma koruma hukuku, fesih s\u00f6zle\u015fmeleri ve k\u0131dem tazminatlar\u0131n\u0131n yan\u0131 s\u0131ra i\u015f hukuku ihtilaflar\u0131nda destek sa\u011flamaya odaklanmaktad\u0131r. Ayr\u0131ca i\u015f\u00e7i temsilciliklerine i\u015f anayasas\u0131 hukuku konusunda da dan\u0131\u015fmanl\u0131k yapmaktad\u0131r. \u00c7al\u0131\u015fanlar, i\u015fverenler ve i\u015f\u00e7i temsilcilikleri i\u00e7in s\u00fcrd\u00fcrd\u00fc\u011f\u00fc \u00e7al\u0131\u015fmalar sayesinde Hamza G\u00fclba\u015f, i\u015f hukuku ihtilaflar\u0131n\u0131n hukuki ve stratejik de\u011ferlendirilmesinde geni\u015f bir deneyime sahiptir.<\/p>\n\n\n\n<p>Hamza G\u00fclba\u015f&#039;\u0131n kapsaml\u0131 dava tecr\u00fcbesi \u00f6zellikle etkili. D\u00fczenli olarak i\u015f mahkemelerinde, genellikle haftada birka\u00e7 kez i\u015f hukuku davalar\u0131nda yer al\u0131yor. Bu s\u00fcrekli mahkeme prati\u011fi, verdi\u011fi tavsiye ve temsil hizmetine, i\u015f mahkemesi ihtilaflar\u0131n\u0131n ger\u00e7ek s\u00fcre\u00e7leri ve gereklilikleri konusunda benzersiz bir anlay\u0131\u015f kazand\u0131r\u0131yor.<\/p>\n\n\n\n<p>Hamza G\u00fclba\u015f, hukuk alan\u0131ndaki \u00e7al\u0131\u015fmalar\u0131n\u0131n yan\u0131 s\u0131ra, \u0130\u015f\u00e7i Temsilcileri Enstit\u00fcs\u00fc de dahil olmak \u00fczere i\u015f\u00e7i temsilciliklerine dan\u0131\u015fmanl\u0131k yapmaktad\u0131r.<\/p>\n\n\n\n<p>\u00c7al\u0131\u015fmalar\u0131, i\u015f hukuku, usul uygulamalar\u0131 ve i\u015f hukuku ihtilaflar\u0131n\u0131n hukuki ve fiili gerekliliklerine dair uzun y\u0131llara dayanan deneyimiyle karakterize edilir.<\/p>\n\n\n\n<h2 class=\"wp-block-heading\">\u00d6zge\u00e7mi\u015f<\/h2>\n\n\n\n<figure class=\"wp-block-table\"><table><tbody><tr><td>2024&#039;ten itibaren:<\/td><td>Ak\u0131ll\u0131 \u0130stihdam Hukuku B\u00fcrosu \/ \u0130\u015f Konseyi Hukuk B\u00fcrosu<\/td><\/tr><tr><td>2023&#039;ten beri:<\/td><td>\u0130\u015f\u00e7i Konseyleri Enstit\u00fcs\u00fc (ifb) S\u00f6zc\u00fcs\u00fc<\/td><\/tr><tr><td>2014 &#8211; 2025:<\/td><td>P\u00f6ppel Rechtsanw\u00e4lte \u2013 \u0130\u015f Hukuku B\u00fcrosu<\/td><\/tr><tr><td>2013:<\/td><td>2. Devlet S\u0131nav\u0131n\u0131n Tamamlanmas\u0131<\/td><\/tr><tr><td>2012 &#8211; 2013:<\/td><td>Hukuk staj\u0131<\/td><\/tr><tr><td>2011:<\/td><td>Birinci eyalet hukuk s\u0131nav\u0131n\u0131n tamamlanmas\u0131<\/td><\/tr><tr><td>2011 y\u0131l\u0131na kadar:<\/td><td>Hamburg \u00dcniversitesi&#039;nde hukuk okudu<\/td><\/tr><\/tbody><\/table><\/figure>\n<\/div>\n<\/div>","protected":false},"excerpt":{"rendered":"<p>Mitgliedschaften Hamza G\u00fclbas ist Rechtsanwalt und Partner von Smart Arbeitsrecht. Seit 2014 ist er ausschlie\u00dflich im Arbeitsrecht t\u00e4tig und ber\u00e4t&#8230;<\/p>","protected":false},"author":1,"featured_media":0,"parent":0,"menu_order":0,"comment_status":"closed","ping_status":"closed","template":"","meta":{"footnotes":""},"class_list":["post-10481","page","type-page","status-publish","hentry"],"acf":[],"yoast_head":"<!-- This site is optimized with the Yoast SEO plugin v26.5 - https:\/\/yoast.com\/wordpress\/plugins\/seo\/ -->\n<title>Hamza G\u00fclbas | Smart-Arbeitsrecht<\/title>\n<meta name=\"robots\" content=\"index, follow, max-snippet:-1, max-image-preview:large, max-video-preview:-1\" \/>\n<link rel=\"canonical\" href=\"https:\/\/smart-arbeitsrecht.de\/tr\/hamza-guelbas\/\" \/>\n<meta property=\"og:locale\" content=\"tr_TR\" \/>\n<meta property=\"og:type\" content=\"article\" \/>\n<meta property=\"og:title\" content=\"Hamza G\u00fclbas | Smart-Arbeitsrecht\" \/>\n<meta property=\"og:description\" content=\"Mitgliedschaften Hamza G\u00fclbas ist Rechtsanwalt und Partner von Smart Arbeitsrecht. Seit 2014 ist er ausschlie\u00dflich im Arbeitsrecht t\u00e4tig und ber\u00e4t...\" \/>\n<meta property=\"og:url\" content=\"https:\/\/smart-arbeitsrecht.de\/tr\/hamza-guelbas\/\" \/>\n<meta property=\"og:site_name\" content=\"Smart-Arbeitsrecht\" \/>\n<meta property=\"article:modified_time\" content=\"2026-05-04T11:54:06+00:00\" \/>\n<meta property=\"og:image\" content=\"https:\/\/smart-arbeitsrecht.de\/wp-content\/uploads\/2026\/03\/Hamza_Guelbas_stehend-e1774077021523.jpg\" \/>\n\t<meta property=\"og:image:width\" content=\"2827\" \/>\n\t<meta property=\"og:image:height\" content=\"2637\" \/>\n\t<meta property=\"og:image:type\" content=\"image\/jpeg\" \/>\n<meta name=\"twitter:card\" content=\"summary_large_image\" \/>\n<meta name=\"twitter:label1\" content=\"Tahmini okuma s\u00fcresi\" \/>\n\t<meta name=\"twitter:data1\" content=\"2 dakika\" \/>\n<script type=\"application\/ld+json\" class=\"yoast-schema-graph\">{\"@context\":\"https:\/\/schema.org\",\"@graph\":[{\"@type\":[\"WebPage\",\"ProfilePage\"],\"@id\":\"https:\/\/smart-arbeitsrecht.de\/hamza-guelbas\/\",\"url\":\"https:\/\/smart-arbeitsrecht.de\/hamza-guelbas\/\",\"name\":\"Hamza G\u00fclbas | Smart-Arbeitsrecht\",\"isPartOf\":{\"@id\":\"https:\/\/smart-arbeitsrecht.de\/#website\"},\"primaryImageOfPage\":{\"@id\":\"https:\/\/smart-arbeitsrecht.de\/hamza-guelbas\/#primaryimage\"},\"image\":{\"@id\":\"https:\/\/smart-arbeitsrecht.de\/hamza-guelbas\/#primaryimage\"},\"thumbnailUrl\":\"https:\/\/smart-arbeitsrecht.de\/wp-content\/uploads\/2026\/03\/Hamza_Guelbas_stehend-e1774077021523-1024x955.jpg\",\"breadcrumb\":{\"@id\":\"https:\/\/smart-arbeitsrecht.de\/hamza-guelbas\/#breadcrumb\"},\"inLanguage\":\"tr\",\"potentialAction\":[{\"@type\":\"ReadAction\",\"target\":[\"https:\/\/smart-arbeitsrecht.de\/hamza-guelbas\/\"]}]},{\"@type\":\"ImageObject\",\"inLanguage\":\"tr\",\"@id\":\"https:\/\/smart-arbeitsrecht.de\/hamza-guelbas\/#primaryimage\",\"url\":\"https:\/\/smart-arbeitsrecht.de\/wp-content\/uploads\/2026\/03\/Hamza_Guelbas_stehend-e1774077021523-1024x955.jpg\",\"contentUrl\":\"https:\/\/smart-arbeitsrecht.de\/wp-content\/uploads\/2026\/03\/Hamza_Guelbas_stehend-e1774077021523-1024x955.jpg\"},{\"@type\":\"BreadcrumbList\",\"@id\":\"https:\/\/smart-arbeitsrecht.de\/hamza-guelbas\/#breadcrumb\",\"itemListElement\":[{\"@type\":\"ListItem\",\"position\":1,\"name\":\"Startseite\",\"item\":\"https:\/\/smart-arbeitsrecht.de\/\"},{\"@type\":\"ListItem\",\"position\":2,\"name\":\"Hamza G\u00fclbas\"}]},{\"@type\":\"WebSite\",\"@id\":\"https:\/\/smart-arbeitsrecht.de\/#website\",\"url\":\"https:\/\/smart-arbeitsrecht.de\/\",\"name\":\"Smart-Arbeitsrecht\",\"description\":\"Kanzlei f\u00fcr Arbeitsrecht\",\"potentialAction\":[{\"@type\":\"SearchAction\",\"target\":{\"@type\":\"EntryPoint\",\"urlTemplate\":\"https:\/\/smart-arbeitsrecht.de\/?s={search_term_string}\"},\"query-input\":{\"@type\":\"PropertyValueSpecification\",\"valueRequired\":true,\"valueName\":\"search_term_string\"}}],\"inLanguage\":\"tr\"}]}<\/script>\n<!-- \/ Yoast SEO plugin. -->","yoast_head_json":{"title":"Hamza G\u00fclbas | Smart-Arbeitsrecht","robots":{"index":"index","follow":"follow","max-snippet":"max-snippet:-1","max-image-preview":"max-image-preview:large","max-video-preview":"max-video-preview:-1"},"canonical":"https:\/\/smart-arbeitsrecht.de\/tr\/hamza-guelbas\/","og_locale":"tr_TR","og_type":"article","og_title":"Hamza G\u00fclbas | Smart-Arbeitsrecht","og_description":"Mitgliedschaften Hamza G\u00fclbas ist Rechtsanwalt und Partner von Smart Arbeitsrecht. Seit 2014 ist er ausschlie\u00dflich im Arbeitsrecht t\u00e4tig und ber\u00e4t...","og_url":"https:\/\/smart-arbeitsrecht.de\/tr\/hamza-guelbas\/","og_site_name":"Smart-Arbeitsrecht","article_modified_time":"2026-05-04T11:54:06+00:00","og_image":[{"width":2827,"height":2637,"url":"https:\/\/smart-arbeitsrecht.de\/wp-content\/uploads\/2026\/03\/Hamza_Guelbas_stehend-e1774077021523.jpg","type":"image\/jpeg"}],"twitter_card":"summary_large_image","twitter_misc":{"Tahmini okuma s\u00fcresi":"2 dakika"},"schema":{"@context":"https:\/\/schema.org","@graph":[{"@type":["WebPage","ProfilePage"],"@id":"https:\/\/smart-arbeitsrecht.de\/hamza-guelbas\/","url":"https:\/\/smart-arbeitsrecht.de\/hamza-guelbas\/","name":"Hamza G\u00fclbas | Smart-Arbeitsrecht","isPartOf":{"@id":"https:\/\/smart-arbeitsrecht.de\/#website"},"primaryImageOfPage":{"@id":"https:\/\/smart-arbeitsrecht.de\/hamza-guelbas\/#primaryimage"},"image":{"@id":"https:\/\/smart-arbeitsrecht.de\/hamza-guelbas\/#primaryimage"},"thumbnailUrl":"https:\/\/smart-arbeitsrecht.de\/wp-content\/uploads\/2026\/03\/Hamza_Guelbas_stehend-e1774077021523-1024x955.jpg","breadcrumb":{"@id":"https:\/\/smart-arbeitsrecht.de\/hamza-guelbas\/#breadcrumb"},"inLanguage":"tr","potentialAction":[{"@type":"ReadAction","target":["https:\/\/smart-arbeitsrecht.de\/hamza-guelbas\/"]}]},{"@type":"ImageObject","inLanguage":"tr","@id":"https:\/\/smart-arbeitsrecht.de\/hamza-guelbas\/#primaryimage","url":"https:\/\/smart-arbeitsrecht.de\/wp-content\/uploads\/2026\/03\/Hamza_Guelbas_stehend-e1774077021523-1024x955.jpg","contentUrl":"https:\/\/smart-arbeitsrecht.de\/wp-content\/uploads\/2026\/03\/Hamza_Guelbas_stehend-e1774077021523-1024x955.jpg"},{"@type":"BreadcrumbList","@id":"https:\/\/smart-arbeitsrecht.de\/hamza-guelbas\/#breadcrumb","itemListElement":[{"@type":"ListItem","position":1,"name":"Startseite","item":"https:\/\/smart-arbeitsrecht.de\/"},{"@type":"ListItem","position":2,"name":"Hamza G\u00fclbas"}]},{"@type":"WebSite","@id":"https:\/\/smart-arbeitsrecht.de\/#website","url":"https:\/\/smart-arbeitsrecht.de\/","name":"Ak\u0131ll\u0131 i\u015f hukuku","description":"\u0130\u015f hukuku firmas\u0131","potentialAction":[{"@type":"SearchAction","target":{"@type":"EntryPoint","urlTemplate":"https:\/\/smart-arbeitsrecht.de\/?s={search_term_string}"},"query-input":{"@type":"PropertyValueSpecification","valueRequired":true,"valueName":"search_term_string"}}],"inLanguage":"tr"}]}},"_links":{"self":[{"href":"https:\/\/smart-arbeitsrecht.de\/tr\/wp-json\/wp\/v2\/pages\/10481","targetHints":{"allow":["GET"]}}],"collection":[{"href":"https:\/\/smart-arbeitsrecht.de\/tr\/wp-json\/wp\/v2\/pages"}],"about":[{"href":"https:\/\/smart-arbeitsrecht.de\/tr\/wp-json\/wp\/v2\/types\/page"}],"author":[{"embeddable":true,"href":"https:\/\/smart-arbeitsrecht.de\/tr\/wp-json\/wp\/v2\/users\/1"}],"replies":[{"embeddable":true,"href":"https:\/\/smart-arbeitsrecht.de\/tr\/wp-json\/wp\/v2\/comments?post=10481"}],"version-history":[{"count":11,"href":"https:\/\/smart-arbeitsrecht.de\/tr\/wp-json\/wp\/v2\/pages\/10481\/revisions"}],"predecessor-version":[{"id":10548,"href":"https:\/\/smart-arbeitsrecht.de\/tr\/wp-json\/wp\/v2\/pages\/10481\/revisions\/10548"}],"wp:attachment":[{"href":"https:\/\/smart-arbeitsrecht.de\/tr\/wp-json\/wp\/v2\/media?parent=10481"}],"curies":[{"name":"wp","href":"https:\/\/api.w.org\/{rel}","templated":true}]}}