{"id":216,"date":"2019-12-31T09:02:41","date_gmt":"2019-12-31T08:02:41","guid":{"rendered":"http:\/\/betriebsrat.kanzlei\/?page_id=216"},"modified":"2025-03-18T12:36:21","modified_gmt":"2025-03-18T11:36:21","slug":"kontakt","status":"publish","type":"page","link":"https:\/\/smart-arbeitsrecht.de\/tr\/kontakt\/","title":{"rendered":"Davan\u0131z\u0131 bize a\u00e7\u0131klay\u0131n; size en k\u0131sa s\u00fcrede geri d\u00f6n\u00fc\u015f yapaca\u011f\u0131z"},"content":{"rendered":"<div id=\"smart-column-block_129ed94dd13985326949c386ebc4aa65\" class=\"smart-column flex flex-col\">\n                                    <div class='mobile-even-row order-1 md:order-none' >\n                \n<div class=\"smart-container\" >\n    \n    <div class=\"flex flex-wrap\">\n        \n                            \n                                                        <div class=\"w-full lg:w-full\">\n                        <div class=\"h-full  z-10\">\n                            <div class=\"h-full p-2\">\n                                K\u0131sa bir de\u011ferlendirme i\u00e7eren ilk temas \u00fccretsizdir.                            <\/div>\n                        <\/div>\n                    <\/div>\n                                                        <div class=\"w-full lg:w-2\/3\">\n                        <div class=\"h-full  z-10\">\n                            <div class=\"h-full p-2\">\n                                \n<div class=\"wpcf7 no-js\" id=\"wpcf7-f8-o1\" lang=\"de-DE\" dir=\"ltr\" data-wpcf7-id=\"8\">\n<div class=\"screen-reader-response\"><p role=\"status\" aria-live=\"polite\" aria-atomic=\"true\"><\/p> <ul><\/ul><\/div>\n<form action=\"\/tr\/wp-json\/wp\/v2\/pages\/216#wpcf7-f8-o1\" method=\"post\" class=\"wpcf7-form init\" aria-label=\"\u0130leti\u015fim formu\" novalidate=\"novalidate\" data-status=\"init\" data-trp-original-action=\"\/tr\/wp-json\/wp\/v2\/pages\/216#wpcf7-f8-o1\">\n<fieldset class=\"hidden-fields-container\"><input type=\"hidden\" name=\"_wpcf7\" value=\"8\" \/><input type=\"hidden\" name=\"_wpcf7_version\" value=\"6.1.4\" \/><input type=\"hidden\" name=\"_wpcf7_locale\" value=\"de_DE\" \/><input type=\"hidden\" name=\"_wpcf7_unit_tag\" value=\"wpcf7-f8-o1\" \/><input type=\"hidden\" name=\"_wpcf7_container_post\" value=\"0\" \/><input type=\"hidden\" name=\"_wpcf7_posted_data_hash\" value=\"\" \/>\n<\/fieldset>\n<p><span class=\"wpcf7-form-control-wrap\" data-name=\"your-name\"><input size=\"40\" maxlength=\"400\" class=\"wpcf7-form-control wpcf7-text wpcf7-validates-as-required\" aria-required=\"true\" aria-invalid=\"false\" placeholder=\"isim\" value=\"\" type=\"text\" name=\"your-name\" \/><\/span>\n<\/p>\n<p><span class=\"wpcf7-form-control-wrap\" data-name=\"your-email\"><input size=\"40\" maxlength=\"400\" class=\"wpcf7-form-control wpcf7-email wpcf7-validates-as-required wpcf7-text wpcf7-validates-as-email\" aria-required=\"true\" aria-invalid=\"false\" placeholder=\"e-posta\" value=\"\" type=\"email\" name=\"your-email\" \/><\/span>\n<\/p>\n<p><span class=\"wpcf7-form-control-wrap\" data-name=\"tel-868\"><input size=\"40\" maxlength=\"400\" class=\"wpcf7-form-control wpcf7-tel wpcf7-text wpcf7-validates-as-tel\" aria-invalid=\"false\" placeholder=\"telefon\" value=\"\" type=\"tel\" name=\"tel-868\" \/><\/span>\n<\/p>\n<p><span class=\"wpcf7-form-control-wrap\" data-name=\"your-message\"><textarea cols=\"40\" rows=\"10\" maxlength=\"2000\" class=\"wpcf7-form-control wpcf7-textarea\" aria-invalid=\"false\" placeholder=\"Haberler\" name=\"your-message\"><\/textarea><\/span>\n<\/p>\n<p><span class=\"wpcf7-form-control-wrap\" data-name=\"Datenschutzerklaerung\"><span class=\"wpcf7-form-control wpcf7-acceptance\"><span class=\"wpcf7-list-item\"><label><input type=\"checkbox\" name=\"Datenschutzerklaerung\" value=\"1\" aria-invalid=\"false\" \/><span class=\"wpcf7-list-item-label\">Evet, bende var <a href='\/tr\/datenschutzerklaerung\/' target=\"_blank\">Gizlilik Politikas\u0131<\/a> Sorular\u0131ma cevap vermek ve spam sorular\u0131n\u0131 engellemek amac\u0131yla bilgilerimin ve verilerimin elektronik ortamda toplanmas\u0131n\u0131 ve saklanmas\u0131n\u0131 kabul ediyorum.<\/span><\/label><\/span><\/span><\/span>\n<\/p>\n<p><span class=\"wpcf7-form-control-wrap\" data-name=\"hcap-cf7\">\t\t<input\n\t\t\t\ttype=\"hidden\"\n\t\t\t\tclass=\"hcaptcha-widget-id\"\n\t\t\t\tname=\"hcaptcha-widget-id\"\n\t\t\t\tvalue=\"eyJzb3VyY2UiOlsiY29udGFjdC1mb3JtLTdcL3dwLWNvbnRhY3QtZm9ybS03LnBocCJdLCJmb3JtX2lkIjo4fQ==-456c70ed70d4c2e4359644e12fd288c9\">\n\t\t\t\t<span id=\"hcap_cf7-69f40ef1cc9123.99854079\" class=\"wpcf7-form-control h-captcha\"\n\t\t\tdata-sitekey=\"cd993280-bbb5-41ab-8590-7dd22ef48023\"\n\t\t\tdata-theme=\"light\"\n\t\t\tdata-size=\"normal\"\n\t\t\tdata-auto=\"false\"\n\t\t\tdata-ajax=\"false\"\n\t\t\tdata-force=\"false\">\n\t\t<\/span>\n\t\t<input type=\"hidden\" id=\"_wpnonce\" name=\"_wpnonce\" value=\"7444f8662c\" \/><input type=\"hidden\" name=\"_wp_http_referer\" value=\"\/tr\/wp-json\/wp\/v2\/pages\/216\" \/><\/span><input class=\"wpcf7-form-control wpcf7-submit has-spinner\" type=\"submit\" value=\"G\u00f6ndermek\" \/>\n<\/p><div class=\"wpcf7-response-output\" aria-hidden=\"true\"><\/div>\n<input type=\"hidden\" name=\"trp-form-language\" value=\"tr\"\/><\/form>\n<\/div>\n                            <\/div>\n                        <\/div>\n                    <\/div>\n                                                        <div class=\"w-full lg:w-1\/3\">\n                        <div class=\"h-full  z-10\">\n                            <div class=\"h-full p-2\">\n                                <iframe loading=\"lazy\" width=\"100%\" height=\"430\" frameborder=\"0\" scrolling=\"no\" marginheight=\"0\" marginwidth=\"0\" src=\"https:\/\/www.openstreetmap.org\/export\/embed.html?bbox=9.938676059246065%2C53.542484632728%2C9.943217039108278%2C53.54447529189527&amp;layer=mapnik&amp;marker=53.543480770914854%2C9.940947890281677\"><\/iframe>                            <\/div>\n                        <\/div>\n                    <\/div>\n                \n                    \n        \n    <\/div>\n\n<\/div>\n            <\/div>\n            <\/div>","protected":false},"excerpt":{"rendered":"","protected":false},"author":1,"featured_media":0,"parent":0,"menu_order":0,"comment_status":"closed","ping_status":"closed","template":"","meta":{"footnotes":""},"class_list":["post-216","page","type-page","status-publish","hentry"],"acf":[],"yoast_head":"<!-- This site is optimized with the Yoast SEO plugin v26.5 - https:\/\/yoast.com\/wordpress\/plugins\/seo\/ -->\n<title>Schildere uns Deinen Fall - Wir melden uns zeitnah bei Dir | Smart-Arbeitsrecht<\/title>\n<meta name=\"description\" content=\"Anliegen im Arbeitsrecht kostenfrei schildern \u2714\ufe0f Qualifizierte Antwort in wenigen Stunden erhalten \u2714\ufe0f Entscheiden, wie er weitergeht \u2714\ufe0f\" \/>\n<meta name=\"robots\" content=\"index, follow, max-snippet:-1, max-image-preview:large, max-video-preview:-1\" \/>\n<link rel=\"canonical\" href=\"https:\/\/smart-arbeitsrecht.de\/tr\/kontakt\/\" \/>\n<meta property=\"og:locale\" content=\"tr_TR\" \/>\n<meta property=\"og:type\" content=\"article\" \/>\n<meta property=\"og:title\" content=\"Schildere uns Deinen Fall - Wir melden uns zeitnah bei Dir | Smart-Arbeitsrecht\" \/>\n<meta property=\"og:description\" content=\"Anliegen im Arbeitsrecht kostenfrei schildern \u2714\ufe0f Qualifizierte Antwort in wenigen Stunden erhalten \u2714\ufe0f Entscheiden, wie er weitergeht \u2714\ufe0f\" \/>\n<meta property=\"og:url\" content=\"https:\/\/smart-arbeitsrecht.de\/tr\/kontakt\/\" \/>\n<meta property=\"og:site_name\" content=\"Smart-Arbeitsrecht\" \/>\n<meta property=\"article:modified_time\" content=\"2025-03-18T11:36:21+00:00\" \/>\n<meta name=\"twitter:card\" content=\"summary_large_image\" \/>\n<script type=\"application\/ld+json\" class=\"yoast-schema-graph\">{\"@context\":\"https:\/\/schema.org\",\"@graph\":[{\"@type\":[\"WebPage\",\"ContactPage\"],\"@id\":\"https:\/\/smart-arbeitsrecht.de\/kontakt\/\",\"url\":\"https:\/\/smart-arbeitsrecht.de\/kontakt\/\",\"name\":\"Schildere uns Deinen Fall - Wir melden uns zeitnah bei Dir | Smart-Arbeitsrecht\",\"isPartOf\":{\"@id\":\"https:\/\/smart-arbeitsrecht.de\/#website\"},\"description\":\"Anliegen im Arbeitsrecht kostenfrei schildern \u2714\ufe0f Qualifizierte Antwort in wenigen Stunden erhalten \u2714\ufe0f Entscheiden, wie er weitergeht \u2714\ufe0f\",\"breadcrumb\":{\"@id\":\"https:\/\/smart-arbeitsrecht.de\/kontakt\/#breadcrumb\"},\"inLanguage\":\"tr\",\"potentialAction\":[{\"@type\":\"ReadAction\",\"target\":[\"https:\/\/smart-arbeitsrecht.de\/kontakt\/\"]}]},{\"@type\":\"BreadcrumbList\",\"@id\":\"https:\/\/smart-arbeitsrecht.de\/kontakt\/#breadcrumb\",\"itemListElement\":[{\"@type\":\"ListItem\",\"position\":1,\"name\":\"Startseite\",\"item\":\"https:\/\/smart-arbeitsrecht.de\/\"},{\"@type\":\"ListItem\",\"position\":2,\"name\":\"Schildere uns Deinen Fall &#8211; Wir melden uns zeitnah bei Dir\"}]},{\"@type\":\"WebSite\",\"@id\":\"https:\/\/smart-arbeitsrecht.de\/#website\",\"url\":\"https:\/\/smart-arbeitsrecht.de\/\",\"name\":\"Smart-Arbeitsrecht\",\"description\":\"Kanzlei f\u00fcr Arbeitsrecht\",\"potentialAction\":[{\"@type\":\"SearchAction\",\"target\":{\"@type\":\"EntryPoint\",\"urlTemplate\":\"https:\/\/smart-arbeitsrecht.de\/?s={search_term_string}\"},\"query-input\":{\"@type\":\"PropertyValueSpecification\",\"valueRequired\":true,\"valueName\":\"search_term_string\"}}],\"inLanguage\":\"tr\"}]}<\/script>\n<!-- \/ Yoast SEO plugin. -->","yoast_head_json":{"title":"Davan\u0131z\u0131 bize anlat\u0131n; size en k\u0131sa s\u00fcrede geri d\u00f6nece\u011fiz | Ak\u0131ll\u0131 \u0130\u015f Hukuku","description":"\u0130\u015f hukuku endi\u015felerinizi \u00fccretsiz olarak a\u00e7\u0131klay\u0131n \u2714\ufe0f Birka\u00e7 saat i\u00e7inde nitelikli bir yan\u0131t al\u0131n \u2714\ufe0f Nas\u0131l ilerleyece\u011finize karar verin \u2714\ufe0f","robots":{"index":"index","follow":"follow","max-snippet":"max-snippet:-1","max-image-preview":"max-image-preview:large","max-video-preview":"max-video-preview:-1"},"canonical":"https:\/\/smart-arbeitsrecht.de\/tr\/kontakt\/","og_locale":"tr_TR","og_type":"article","og_title":"Schildere uns Deinen Fall - Wir melden uns zeitnah bei Dir | Smart-Arbeitsrecht","og_description":"Anliegen im Arbeitsrecht kostenfrei schildern \u2714\ufe0f Qualifizierte Antwort in wenigen Stunden erhalten \u2714\ufe0f Entscheiden, wie er weitergeht \u2714\ufe0f","og_url":"https:\/\/smart-arbeitsrecht.de\/tr\/kontakt\/","og_site_name":"Smart-Arbeitsrecht","article_modified_time":"2025-03-18T11:36:21+00:00","twitter_card":"summary_large_image","schema":{"@context":"https:\/\/schema.org","@graph":[{"@type":["WebPage","ContactPage"],"@id":"https:\/\/smart-arbeitsrecht.de\/kontakt\/","url":"https:\/\/smart-arbeitsrecht.de\/kontakt\/","name":"Davan\u0131z\u0131 bize anlat\u0131n; size en k\u0131sa s\u00fcrede geri d\u00f6nece\u011fiz | Ak\u0131ll\u0131 \u0130\u015f Hukuku","isPartOf":{"@id":"https:\/\/smart-arbeitsrecht.de\/#website"},"description":"\u0130\u015f hukuku endi\u015felerinizi \u00fccretsiz olarak a\u00e7\u0131klay\u0131n \u2714\ufe0f Birka\u00e7 saat i\u00e7inde nitelikli bir yan\u0131t al\u0131n \u2714\ufe0f Nas\u0131l ilerleyece\u011finize karar verin \u2714\ufe0f","breadcrumb":{"@id":"https:\/\/smart-arbeitsrecht.de\/kontakt\/#breadcrumb"},"inLanguage":"tr","potentialAction":[{"@type":"ReadAction","target":["https:\/\/smart-arbeitsrecht.de\/kontakt\/"]}]},{"@type":"BreadcrumbList","@id":"https:\/\/smart-arbeitsrecht.de\/kontakt\/#breadcrumb","itemListElement":[{"@type":"ListItem","position":1,"name":"Startseite","item":"https:\/\/smart-arbeitsrecht.de\/"},{"@type":"ListItem","position":2,"name":"Schildere uns Deinen Fall &#8211; Wir melden uns zeitnah bei Dir"}]},{"@type":"WebSite","@id":"https:\/\/smart-arbeitsrecht.de\/#website","url":"https:\/\/smart-arbeitsrecht.de\/","name":"Ak\u0131ll\u0131 i\u015f hukuku","description":"\u0130\u015f hukuku firmas\u0131","potentialAction":[{"@type":"SearchAction","target":{"@type":"EntryPoint","urlTemplate":"https:\/\/smart-arbeitsrecht.de\/?s={search_term_string}"},"query-input":{"@type":"PropertyValueSpecification","valueRequired":true,"valueName":"search_term_string"}}],"inLanguage":"tr"}]}},"_links":{"self":[{"href":"https:\/\/smart-arbeitsrecht.de\/tr\/wp-json\/wp\/v2\/pages\/216","targetHints":{"allow":["GET"]}}],"collection":[{"href":"https:\/\/smart-arbeitsrecht.de\/tr\/wp-json\/wp\/v2\/pages"}],"about":[{"href":"https:\/\/smart-arbeitsrecht.de\/tr\/wp-json\/wp\/v2\/types\/page"}],"author":[{"embeddable":true,"href":"https:\/\/smart-arbeitsrecht.de\/tr\/wp-json\/wp\/v2\/users\/1"}],"replies":[{"embeddable":true,"href":"https:\/\/smart-arbeitsrecht.de\/tr\/wp-json\/wp\/v2\/comments?post=216"}],"version-history":[{"count":9,"href":"https:\/\/smart-arbeitsrecht.de\/tr\/wp-json\/wp\/v2\/pages\/216\/revisions"}],"predecessor-version":[{"id":9295,"href":"https:\/\/smart-arbeitsrecht.de\/tr\/wp-json\/wp\/v2\/pages\/216\/revisions\/9295"}],"wp:attachment":[{"href":"https:\/\/smart-arbeitsrecht.de\/tr\/wp-json\/wp\/v2\/media?parent=216"}],"curies":[{"name":"wp","href":"https:\/\/api.w.org\/{rel}","templated":true}]}}